{"id":8398,"date":"2024-10-30T09:29:32","date_gmt":"2024-10-30T08:29:32","guid":{"rendered":"https:\/\/spijkermanbv.nl\/produkte\/telekommunikationsstationen\/"},"modified":"2025-09-19T10:59:50","modified_gmt":"2025-09-19T08:59:50","slug":"telekommunikationsstationen","status":"publish","type":"page","link":"https:\/\/spijkermanbv.nl\/de\/produkte\/telekommunikationsstationen\/","title":{"rendered":"Telekommunikationsstationen"},"content":{"rendered":"\t\t<div data-elementor-type=\"wp-page\" data-elementor-id=\"8398\" class=\"elementor elementor-8398 elementor-4548\" data-elementor-post-type=\"page\">\n\t\t\t\t\t\t<section class=\"elementor-section elementor-top-section elementor-element elementor-element-a0cb7f5 elementor-section-height-min-height elementor-hidden-mobile elementor-section-boxed elementor-section-height-default elementor-section-items-middle\" data-id=\"a0cb7f5\" data-element_type=\"section\" data-e-type=\"section\" data-settings=\"{&quot;background_background&quot;:&quot;slideshow&quot;,&quot;background_slideshow_slide_duration&quot;:10000,&quot;background_slideshow_transition_duration&quot;:2000,&quot;background_slideshow_gallery&quot;:[{&quot;id&quot;:6580,&quot;url&quot;:&quot;https:\\\/\\\/spijkermanbv.nl\\\/wp-content\\\/uploads\\\/2024\\\/11\\\/telecom-hero-2.webp&quot;}],&quot;background_slideshow_loop&quot;:&quot;yes&quot;,&quot;background_slideshow_slide_transition&quot;:&quot;fade&quot;}\">\n\t\t\t\t\t\t\t<div class=\"elementor-background-overlay\"><\/div>\n\t\t\t\t\t\t\t<div class=\"elementor-container elementor-column-gap-default\">\n\t\t\t\t\t<div class=\"elementor-column elementor-col-100 elementor-top-column elementor-element elementor-element-7b2b8a1\" data-id=\"7b2b8a1\" data-element_type=\"column\" data-e-type=\"column\">\n\t\t\t<div class=\"elementor-widget-wrap elementor-element-populated\">\n\t\t\t\t\t\t<section class=\"elementor-section elementor-inner-section elementor-element elementor-element-0dca91a elementor-section-height-min-height elementor-section-boxed elementor-section-height-default\" data-id=\"0dca91a\" data-element_type=\"section\" data-e-type=\"section\">\n\t\t\t\t\t\t<div class=\"elementor-container elementor-column-gap-default\">\n\t\t\t\t\t<div class=\"elementor-column elementor-col-50 elementor-inner-column elementor-element elementor-element-8fbcf7f\" data-id=\"8fbcf7f\" data-element_type=\"column\" data-e-type=\"column\">\n\t\t\t<div class=\"elementor-widget-wrap elementor-element-populated\">\n\t\t\t\t\t\t<div class=\"elementor-element elementor-element-805db60 animated-fast elementor-widget-tablet__width-initial elementor-widget elementor-widget-heading\" data-id=\"805db60\" data-element_type=\"widget\" data-e-type=\"widget\" data-settings=\"{&quot;_animation&quot;:&quot;none&quot;}\" data-widget_type=\"heading.default\">\n\t\t\t\t<div class=\"elementor-widget-container\">\n\t\t\t\t\t<h1 class=\"elementor-heading-title elementor-size-small\">Telekommunikationsstationen<\/h1>\t\t\t\t<\/div>\n\t\t\t\t<\/div>\n\t\t\t\t<div class=\"elementor-element elementor-element-8e15ff0 elementor-widget elementor-widget-text-editor\" data-id=\"8e15ff0\" data-element_type=\"widget\" data-e-type=\"widget\" data-settings=\"{&quot;_animation&quot;:&quot;none&quot;}\" data-widget_type=\"text-editor.default\">\n\t\t\t\t<div class=\"elementor-widget-container\">\n\t\t\t\t\t\t\t\t\t<p>Wir sind Marktf\u00fchrer bei der Installation von nachhaltigen und selbstk\u00fchlenden Stra\u00dfenk\u00e4sten, auch Pops genannt. Bereits in den 70er Jahren entwickelte Spijkerman sogenannte Telekommunikationsstationen. Dabei handelt es sich um ein Betongeh\u00e4use, das alles enth\u00e4lt, was f\u00fcr einen reibungslosen Betrieb eines Netzwerks erforderlich ist. Diese Erfahrung kommt bei den aktuellen Glasfaseranschl\u00fcssen zum Tragen.<\/p>\n\t\t\t\t\t\t\t\t<\/div>\n\t\t\t\t<\/div>\n\t\t\t\t<div class=\"elementor-element elementor-element-ce07d98 elementor-widget__width-auto buttonhov premium-lq__none elementor-widget elementor-widget-premium-addon-button\" data-id=\"ce07d98\" data-element_type=\"widget\" data-e-type=\"widget\" data-widget_type=\"premium-addon-button.default\">\n\t\t\t\t<div class=\"elementor-widget-container\">\n\t\t\t\t\t\n\n\t\t<a class=\"premium-button premium-button-none premium-btn-lg premium-button-none\" href=\"#elementor-action%3Aaction%3Dpopup%3Aopen%26settings%3DeyJpZCI6ODQ3OCwidG9nZ2xlIjpmYWxzZX0%3D\">\n\t\t\t<div class=\"premium-button-text-icon-wrapper\">\n\t\t\t\t\n\t\t\t\t\t\t\t\t\t<span >\n\t\t\t\t\t\tVereinbaren Sie sofort einen Termin\t\t\t\t\t<\/span>\n\t\t\t\t\t\t\t<\/div>\n\n\t\t\t\n\t\t\t\n\t\t\t\n\t\t<\/a>\n\n\n\t\t\t\t\t\t<\/div>\n\t\t\t\t<\/div>\n\t\t\t\t<div class=\"elementor-element elementor-element-e8e63d5 elementor-widget__width-auto buttonhov elementor-widget-mobile__width-inherit premium-lq__none elementor-widget elementor-widget-premium-addon-button\" data-id=\"e8e63d5\" data-element_type=\"widget\" data-e-type=\"widget\" data-widget_type=\"premium-addon-button.default\">\n\t\t\t\t<div class=\"elementor-widget-container\">\n\t\t\t\t\t\n\n\t\t<a class=\"premium-button premium-button-style1 premium-btn-lg premium-button-style1-bottom\" href=\"#section-one\">\n\t\t\t<div class=\"premium-button-text-icon-wrapper\">\n\t\t\t\t\n\t\t\t\t\t\t\t\t\t<span >\n\t\t\t\t\t\tWeitere Informationen\t\t\t\t\t<\/span>\n\t\t\t\t\t\t\t<\/div>\n\n\t\t\t\n\t\t\t\n\t\t\t\n\t\t<\/a>\n\n\n\t\t\t\t\t\t<\/div>\n\t\t\t\t<\/div>\n\t\t\t\t\t<\/div>\n\t\t<\/div>\n\t\t\t\t<div class=\"elementor-column elementor-col-50 elementor-inner-column elementor-element elementor-element-7cc97ab elementor-hidden-widescreen elementor-hidden-desktop elementor-hidden-laptop elementor-hidden-tablet elementor-hidden-mobile\" data-id=\"7cc97ab\" data-element_type=\"column\" data-e-type=\"column\">\n\t\t\t<div class=\"elementor-widget-wrap elementor-element-populated\">\n\t\t\t\t\t\t<div class=\"elementor-element elementor-element-0ba82f3 elementor-widget elementor-widget-html\" data-id=\"0ba82f3\" data-element_type=\"widget\" data-e-type=\"widget\" data-widget_type=\"html.default\">\n\t\t\t\t<div class=\"elementor-widget-container\">\n\t\t\t\t\t<style>\r\n    .buttonhov:hover{\r\n        transform: scale(1.02);\r\n    }\r\n    .buttonhov{\r\n        transition: 0.25s ease-in;\r\n        \r\n    }\r\n<\/style>\t\t\t\t<\/div>\n\t\t\t\t<\/div>\n\t\t\t\t\t<\/div>\n\t\t<\/div>\n\t\t\t\t\t<\/div>\n\t\t<\/section>\n\t\t\t\t\t<\/div>\n\t\t<\/div>\n\t\t\t\t\t<\/div>\n\t\t<\/section>\n\t\t<div class=\"elementor-element elementor-element-00226d0 muted-video elementor-hidden-widescreen elementor-hidden-desktop elementor-hidden-laptop elementor-hidden-tablet e-flex e-con-boxed e-con e-parent\" data-id=\"00226d0\" data-element_type=\"container\" data-e-type=\"container\" data-settings=\"{&quot;background_background&quot;:&quot;slideshow&quot;,&quot;background_slideshow_slide_duration&quot;:10000,&quot;background_slideshow_transition_duration&quot;:2000,&quot;background_slideshow_gallery&quot;:[{&quot;id&quot;:6580,&quot;url&quot;:&quot;https:\\\/\\\/spijkermanbv.nl\\\/wp-content\\\/uploads\\\/2024\\\/11\\\/telecom-hero-2.webp&quot;}],&quot;background_slideshow_loop&quot;:&quot;yes&quot;,&quot;background_slideshow_slide_transition&quot;:&quot;fade&quot;}\">\n\t\t\t\t\t<div class=\"e-con-inner\">\n\t\t<div class=\"elementor-element elementor-element-2af6a1e e-con-full e-flex e-con e-child\" data-id=\"2af6a1e\" data-element_type=\"container\" data-e-type=\"container\">\n\t\t<div class=\"elementor-element elementor-element-bf1e712 e-con-full e-flex e-con e-child\" data-id=\"bf1e712\" data-element_type=\"container\" data-e-type=\"container\">\n\t\t<div class=\"elementor-element elementor-element-edb474f e-con-full e-flex e-con e-child\" data-id=\"edb474f\" data-element_type=\"container\" data-e-type=\"container\">\n\t\t\t\t<div class=\"elementor-element elementor-element-ce59493 animated-fast elementor-widget-tablet__width-initial elementor-widget elementor-widget-heading\" data-id=\"ce59493\" data-element_type=\"widget\" data-e-type=\"widget\" data-settings=\"{&quot;_animation&quot;:&quot;none&quot;}\" data-widget_type=\"heading.default\">\n\t\t\t\t<div class=\"elementor-widget-container\">\n\t\t\t\t\t<h1 class=\"elementor-heading-title elementor-size-small\">Telekommunikationsstationen<\/h1>\t\t\t\t<\/div>\n\t\t\t\t<\/div>\n\t\t\t\t<div class=\"elementor-element elementor-element-89750d5 elementor-widget elementor-widget-text-editor\" data-id=\"89750d5\" data-element_type=\"widget\" data-e-type=\"widget\" data-settings=\"{&quot;_animation&quot;:&quot;none&quot;}\" data-widget_type=\"text-editor.default\">\n\t\t\t\t<div class=\"elementor-widget-container\">\n\t\t\t\t\t\t\t\t\tWir sind Marktf\u00fchrer bei der Installation von nachhaltigen und selbstk\u00fchlenden Stra\u00dfenk\u00e4sten, auch Pops genannt. Bereits in den 70er Jahren entwickelte Spijkerman sogenannte Telekommunikationsstationen. Dabei handelt es sich um ein Betongeh\u00e4use, das alles enth\u00e4lt, was f\u00fcr einen reibungslosen Betrieb eines Netzwerks erforderlich ist. Diese Erfahrung kommt bei den aktuellen Glasfaseranschl\u00fcssen zum Tragen.\t\t\t\t\t\t\t\t<\/div>\n\t\t\t\t<\/div>\n\t\t\t\t<div class=\"elementor-element elementor-element-03c8b48 elementor-widget__width-auto buttonhov premium-lq__none elementor-widget elementor-widget-premium-addon-button\" data-id=\"03c8b48\" data-element_type=\"widget\" data-e-type=\"widget\" data-widget_type=\"premium-addon-button.default\">\n\t\t\t\t<div class=\"elementor-widget-container\">\n\t\t\t\t\t\n\n\t\t<a class=\"premium-button premium-button-none premium-btn-block premium-button-none\" href=\"#elementor-action%3Aaction%3Dpopup%3Aopen%26settings%3DeyJpZCI6ODQ3OCwidG9nZ2xlIjpmYWxzZX0%3D\">\n\t\t\t<div class=\"premium-button-text-icon-wrapper\">\n\t\t\t\t\n\t\t\t\t\t\t\t\t\t<span >\n\t\t\t\t\t\tVereinbaren Sie sofort einen Termin\t\t\t\t\t<\/span>\n\t\t\t\t\t\t\t<\/div>\n\n\t\t\t\n\t\t\t\n\t\t\t\n\t\t<\/a>\n\n\n\t\t\t\t\t\t<\/div>\n\t\t\t\t<\/div>\n\t\t\t\t<div class=\"elementor-element elementor-element-d9e5f8a elementor-widget__width-auto buttonhov elementor-widget-mobile__width-inherit premium-lq__none elementor-widget elementor-widget-premium-addon-button\" data-id=\"d9e5f8a\" data-element_type=\"widget\" data-e-type=\"widget\" data-widget_type=\"premium-addon-button.default\">\n\t\t\t\t<div class=\"elementor-widget-container\">\n\t\t\t\t\t\n\n\t\t<a class=\"premium-button premium-button-style1 premium-btn-block premium-button-style1-bottom\" href=\"#section-one\">\n\t\t\t<div class=\"premium-button-text-icon-wrapper\">\n\t\t\t\t\n\t\t\t\t\t\t\t\t\t<span >\n\t\t\t\t\t\tWeitere Informationen\t\t\t\t\t<\/span>\n\t\t\t\t\t\t\t<\/div>\n\n\t\t\t\n\t\t\t\n\t\t\t\n\t\t<\/a>\n\n\n\t\t\t\t\t\t<\/div>\n\t\t\t\t<\/div>\n\t\t\t\t<\/div>\n\t\t<div class=\"elementor-element elementor-element-9f1eca8 elementor-hidden-widescreen elementor-hidden-desktop elementor-hidden-laptop elementor-hidden-tablet elementor-hidden-mobile e-con-full e-flex e-con e-child\" data-id=\"9f1eca8\" data-element_type=\"container\" data-e-type=\"container\">\n\t\t\t\t<div class=\"elementor-element elementor-element-56d2fa2 elementor-widget elementor-widget-html\" data-id=\"56d2fa2\" data-element_type=\"widget\" data-e-type=\"widget\" data-widget_type=\"html.default\">\n\t\t\t\t<div class=\"elementor-widget-container\">\n\t\t\t\t\t<style>\r\n    .buttonhov:hover{\r\n        transform: scale(1.02);\r\n    }\r\n    .buttonhov{\r\n        transition: 0.25s ease-in;\r\n        \r\n    }\r\n<\/style>\t\t\t\t<\/div>\n\t\t\t\t<\/div>\n\t\t\t\t<\/div>\n\t\t\t\t<\/div>\n\t\t\t\t<\/div>\n\t\t\t\t\t<\/div>\n\t\t\t\t<\/div>\n\t\t\t\t<section class=\"elementor-section elementor-top-section elementor-element elementor-element-2219f16 elementor-section-content-middle elementor-section-boxed elementor-section-height-default elementor-section-height-default\" data-id=\"2219f16\" data-element_type=\"section\" data-e-type=\"section\" id=\"section-one\" data-settings=\"{&quot;background_background&quot;:&quot;classic&quot;}\">\n\t\t\t\t\t\t<div class=\"elementor-container elementor-column-gap-default\">\n\t\t\t\t\t<div class=\"elementor-column elementor-col-50 elementor-top-column elementor-element elementor-element-5526f8b\" data-id=\"5526f8b\" data-element_type=\"column\" data-e-type=\"column\" data-settings=\"{&quot;background_background&quot;:&quot;classic&quot;}\">\n\t\t\t<div class=\"elementor-widget-wrap elementor-element-populated\">\n\t\t\t\t\t\t<div class=\"elementor-element elementor-element-18da4ed elementor-widget elementor-widget-image\" data-id=\"18da4ed\" data-element_type=\"widget\" data-e-type=\"widget\" data-widget_type=\"image.default\">\n\t\t\t\t<div class=\"elementor-widget-container\">\n\t\t\t\t\t\t\t\t\t\t\t\t\t\t\t<img fetchpriority=\"high\" decoding=\"async\" width=\"2000\" height=\"1333\" src=\"https:\/\/spijkermanbv.nl\/wp-content\/uploads\/2024\/11\/TelecomStation-1.jpg\" class=\"attachment-full size-full wp-image-8399\" alt=\"\" srcset=\"https:\/\/spijkermanbv.nl\/wp-content\/uploads\/2024\/11\/TelecomStation-1.jpg 2000w, https:\/\/spijkermanbv.nl\/wp-content\/uploads\/2024\/11\/TelecomStation-1-300x200.jpg 300w, https:\/\/spijkermanbv.nl\/wp-content\/uploads\/2024\/11\/TelecomStation-1-1024x682.jpg 1024w, https:\/\/spijkermanbv.nl\/wp-content\/uploads\/2024\/11\/TelecomStation-1-768x512.jpg 768w, https:\/\/spijkermanbv.nl\/wp-content\/uploads\/2024\/11\/TelecomStation-1-1536x1024.jpg 1536w\" sizes=\"(max-width: 2000px) 100vw, 2000px\" \/>\t\t\t\t\t\t\t\t\t\t\t\t\t\t\t<\/div>\n\t\t\t\t<\/div>\n\t\t\t\t\t<\/div>\n\t\t<\/div>\n\t\t\t\t<div class=\"elementor-column elementor-col-50 elementor-top-column elementor-element elementor-element-4f9f5c0\" data-id=\"4f9f5c0\" data-element_type=\"column\" data-e-type=\"column\">\n\t\t\t<div class=\"elementor-widget-wrap elementor-element-populated\">\n\t\t\t\t\t\t<div class=\"elementor-element elementor-element-4afdf1d elementor-widget elementor-widget-text-editor\" data-id=\"4afdf1d\" data-element_type=\"widget\" data-e-type=\"widget\" data-widget_type=\"text-editor.default\">\n\t\t\t\t<div class=\"elementor-widget-container\">\n\t\t\t\t\t\t\t\t\tHeutzutage ist Glasfaser die Zukunft. Und beim Verlegen von Glasfaserkabeln sind vorinstallierte Stra\u00dfenverteilerk\u00e4sten unverzichtbar. Wir kennen diese Glasfaser-Pops in- und auswendig. Dank unserer mehr als 10-j\u00e4hrigen Erfahrung wissen wir f\u00fcr jede Situation die richtige L\u00f6sung anzubieten.<br><br>&nbsp;\t\t\t\t\t\t\t\t<\/div>\n\t\t\t\t<\/div>\n\t\t\t\t\t<\/div>\n\t\t<\/div>\n\t\t\t\t\t<\/div>\n\t\t<\/section>\n\t\t\t\t<\/div>\n\t\t","protected":false},"excerpt":{"rendered":"<p>Telekommunikationsstationen Wir sind Marktf\u00fchrer bei der Installation von nachhaltigen und selbstk\u00fchlenden Stra\u00dfenk\u00e4sten, auch Pops genannt. Bereits in den 70er Jahren entwickelte Spijkerman sogenannte Telekommunikationsstationen. Dabei handelt es sich um ein Betongeh\u00e4use, das alles enth\u00e4lt, was f\u00fcr einen reibungslosen Betrieb eines Netzwerks erforderlich ist. Diese Erfahrung kommt bei den aktuellen Glasfaseranschl\u00fcssen zum Tragen. Vereinbaren Sie sofort [&hellip;]<\/p>\n","protected":false},"author":1,"featured_media":0,"parent":8313,"menu_order":0,"comment_status":"closed","ping_status":"closed","template":"elementor_header_footer","meta":{"_acf_changed":false,"inline_featured_image":false,"footnotes":""},"class_list":["post-8398","page","type-page","status-publish","hentry"],"acf":[],"yoast_head":"<!-- This site is optimized with the Yoast SEO plugin v27.6 - https:\/\/yoast.com\/product\/yoast-seo-wordpress\/ -->\n<title>- Telekommunikationsstationen<\/title>\n<meta name=\"robots\" content=\"index, follow, max-snippet:-1, max-image-preview:large, max-video-preview:-1\" \/>\n<link rel=\"canonical\" href=\"https:\/\/spijkermanbv.nl\/de\/produkte\/telekommunikationsstationen\/\" \/>\n<meta property=\"og:locale\" content=\"de_DE\" \/>\n<meta property=\"og:type\" content=\"article\" \/>\n<meta property=\"og:title\" content=\"- Telekommunikationsstationen\" \/>\n<meta property=\"og:description\" content=\"Telekommunikationsstationen Wir sind Marktf\u00fchrer bei der Installation von nachhaltigen und selbstk\u00fchlenden Stra\u00dfenk\u00e4sten, auch Pops genannt. Bereits in den 70er Jahren entwickelte Spijkerman sogenannte Telekommunikationsstationen. Dabei handelt es sich um ein Betongeh\u00e4use, das alles enth\u00e4lt, was f\u00fcr einen reibungslosen Betrieb eines Netzwerks erforderlich ist. Diese Erfahrung kommt bei den aktuellen Glasfaseranschl\u00fcssen zum Tragen. Vereinbaren Sie sofort [&hellip;]\" \/>\n<meta property=\"og:url\" content=\"https:\/\/spijkermanbv.nl\/de\/produkte\/telekommunikationsstationen\/\" \/>\n<meta property=\"og:site_name\" content=\"Spijkerman Prefab Solutions\" \/>\n<meta property=\"article:modified_time\" content=\"2025-09-19T08:59:50+00:00\" \/>\n<meta property=\"og:image\" content=\"https:\/\/spijkermanbv.nl\/wp-content\/uploads\/2024\/11\/TelecomStation-1.jpg\" \/>\n\t<meta property=\"og:image:width\" content=\"2000\" \/>\n\t<meta property=\"og:image:height\" content=\"1333\" \/>\n\t<meta property=\"og:image:type\" content=\"image\/jpeg\" \/>\n<meta name=\"twitter:card\" content=\"summary_large_image\" \/>\n<meta name=\"twitter:label1\" content=\"Gesch\u00e4tzte Lesezeit\" \/>\n\t<meta name=\"twitter:data1\" content=\"1\u00a0Minute\" \/>\n<script type=\"application\/ld+json\" class=\"yoast-schema-graph\">{\"@context\":\"https:\\\/\\\/schema.org\",\"@graph\":[{\"@type\":\"WebPage\",\"@id\":\"https:\\\/\\\/spijkermanbv.nl\\\/de\\\/produkte\\\/telekommunikationsstationen\\\/\",\"url\":\"https:\\\/\\\/spijkermanbv.nl\\\/de\\\/produkte\\\/telekommunikationsstationen\\\/\",\"name\":\"- Telekommunikationsstationen\",\"isPartOf\":{\"@id\":\"https:\\\/\\\/spijkermanbv.nl\\\/de\\\/#website\"},\"primaryImageOfPage\":{\"@id\":\"https:\\\/\\\/spijkermanbv.nl\\\/de\\\/produkte\\\/telekommunikationsstationen\\\/#primaryimage\"},\"image\":{\"@id\":\"https:\\\/\\\/spijkermanbv.nl\\\/de\\\/produkte\\\/telekommunikationsstationen\\\/#primaryimage\"},\"thumbnailUrl\":\"https:\\\/\\\/spijkermanbv.nl\\\/wp-content\\\/uploads\\\/2024\\\/11\\\/TelecomStation-1.jpg\",\"datePublished\":\"2024-10-30T08:29:32+00:00\",\"dateModified\":\"2025-09-19T08:59:50+00:00\",\"breadcrumb\":{\"@id\":\"https:\\\/\\\/spijkermanbv.nl\\\/de\\\/produkte\\\/telekommunikationsstationen\\\/#breadcrumb\"},\"inLanguage\":\"de\",\"potentialAction\":[{\"@type\":\"ReadAction\",\"target\":[\"https:\\\/\\\/spijkermanbv.nl\\\/de\\\/produkte\\\/telekommunikationsstationen\\\/\"]}]},{\"@type\":\"ImageObject\",\"inLanguage\":\"de\",\"@id\":\"https:\\\/\\\/spijkermanbv.nl\\\/de\\\/produkte\\\/telekommunikationsstationen\\\/#primaryimage\",\"url\":\"https:\\\/\\\/spijkermanbv.nl\\\/wp-content\\\/uploads\\\/2024\\\/11\\\/TelecomStation-1.jpg\",\"contentUrl\":\"https:\\\/\\\/spijkermanbv.nl\\\/wp-content\\\/uploads\\\/2024\\\/11\\\/TelecomStation-1.jpg\"},{\"@type\":\"BreadcrumbList\",\"@id\":\"https:\\\/\\\/spijkermanbv.nl\\\/de\\\/produkte\\\/telekommunikationsstationen\\\/#breadcrumb\",\"itemListElement\":[{\"@type\":\"ListItem\",\"position\":1,\"name\":\"Home\",\"item\":\"https:\\\/\\\/spijkermanbv.nl\\\/de\\\/\"},{\"@type\":\"ListItem\",\"position\":2,\"name\":\"Produkte\",\"item\":\"https:\\\/\\\/spijkermanbv.nl\\\/de\\\/producten\\\/\"},{\"@type\":\"ListItem\",\"position\":3,\"name\":\"Telekommunikationsstationen\"}]},{\"@type\":\"WebSite\",\"@id\":\"https:\\\/\\\/spijkermanbv.nl\\\/de\\\/#website\",\"url\":\"https:\\\/\\\/spijkermanbv.nl\\\/de\\\/\",\"name\":\"Spijkerman Prefab Solutions\",\"description\":\"Prefab Beton, Bouwsystemen en Telecom\",\"publisher\":{\"@id\":\"https:\\\/\\\/spijkermanbv.nl\\\/de\\\/#organization\"},\"potentialAction\":[{\"@type\":\"SearchAction\",\"target\":{\"@type\":\"EntryPoint\",\"urlTemplate\":\"https:\\\/\\\/spijkermanbv.nl\\\/de\\\/?s={search_term_string}\"},\"query-input\":{\"@type\":\"PropertyValueSpecification\",\"valueRequired\":true,\"valueName\":\"search_term_string\"}}],\"inLanguage\":\"de\"},{\"@type\":\"Organization\",\"@id\":\"https:\\\/\\\/spijkermanbv.nl\\\/de\\\/#organization\",\"name\":\"Spijkerman Prefab Solutions\",\"url\":\"https:\\\/\\\/spijkermanbv.nl\\\/de\\\/\",\"logo\":{\"@type\":\"ImageObject\",\"inLanguage\":\"de\",\"@id\":\"https:\\\/\\\/spijkermanbv.nl\\\/de\\\/#\\\/schema\\\/logo\\\/image\\\/\",\"url\":\"https:\\\/\\\/spijkermanbv.nl\\\/wp-content\\\/uploads\\\/2023\\\/05\\\/mijncaress-1.png\",\"contentUrl\":\"https:\\\/\\\/spijkermanbv.nl\\\/wp-content\\\/uploads\\\/2023\\\/05\\\/mijncaress-1.png\",\"width\":1018,\"height\":285,\"caption\":\"Spijkerman Prefab Solutions\"},\"image\":{\"@id\":\"https:\\\/\\\/spijkermanbv.nl\\\/de\\\/#\\\/schema\\\/logo\\\/image\\\/\"},\"sameAs\":[\"https:\\\/\\\/www.linkedin.com\\\/company\\\/pinkroccade-care\"]}]}<\/script>\n<!-- \/ Yoast SEO plugin. -->","yoast_head_json":{"title":"- Telekommunikationsstationen","robots":{"index":"index","follow":"follow","max-snippet":"max-snippet:-1","max-image-preview":"max-image-preview:large","max-video-preview":"max-video-preview:-1"},"canonical":"https:\/\/spijkermanbv.nl\/de\/produkte\/telekommunikationsstationen\/","og_locale":"de_DE","og_type":"article","og_title":"- Telekommunikationsstationen","og_description":"Telekommunikationsstationen Wir sind Marktf\u00fchrer bei der Installation von nachhaltigen und selbstk\u00fchlenden Stra\u00dfenk\u00e4sten, auch Pops genannt. Bereits in den 70er Jahren entwickelte Spijkerman sogenannte Telekommunikationsstationen. Dabei handelt es sich um ein Betongeh\u00e4use, das alles enth\u00e4lt, was f\u00fcr einen reibungslosen Betrieb eines Netzwerks erforderlich ist. Diese Erfahrung kommt bei den aktuellen Glasfaseranschl\u00fcssen zum Tragen. Vereinbaren Sie sofort [&hellip;]","og_url":"https:\/\/spijkermanbv.nl\/de\/produkte\/telekommunikationsstationen\/","og_site_name":"Spijkerman Prefab Solutions","article_modified_time":"2025-09-19T08:59:50+00:00","og_image":[{"width":2000,"height":1333,"url":"https:\/\/spijkermanbv.nl\/wp-content\/uploads\/2024\/11\/TelecomStation-1.jpg","type":"image\/jpeg"}],"twitter_card":"summary_large_image","twitter_misc":{"Gesch\u00e4tzte Lesezeit":"1\u00a0Minute"},"schema":{"@context":"https:\/\/schema.org","@graph":[{"@type":"WebPage","@id":"https:\/\/spijkermanbv.nl\/de\/produkte\/telekommunikationsstationen\/","url":"https:\/\/spijkermanbv.nl\/de\/produkte\/telekommunikationsstationen\/","name":"- Telekommunikationsstationen","isPartOf":{"@id":"https:\/\/spijkermanbv.nl\/de\/#website"},"primaryImageOfPage":{"@id":"https:\/\/spijkermanbv.nl\/de\/produkte\/telekommunikationsstationen\/#primaryimage"},"image":{"@id":"https:\/\/spijkermanbv.nl\/de\/produkte\/telekommunikationsstationen\/#primaryimage"},"thumbnailUrl":"https:\/\/spijkermanbv.nl\/wp-content\/uploads\/2024\/11\/TelecomStation-1.jpg","datePublished":"2024-10-30T08:29:32+00:00","dateModified":"2025-09-19T08:59:50+00:00","breadcrumb":{"@id":"https:\/\/spijkermanbv.nl\/de\/produkte\/telekommunikationsstationen\/#breadcrumb"},"inLanguage":"de","potentialAction":[{"@type":"ReadAction","target":["https:\/\/spijkermanbv.nl\/de\/produkte\/telekommunikationsstationen\/"]}]},{"@type":"ImageObject","inLanguage":"de","@id":"https:\/\/spijkermanbv.nl\/de\/produkte\/telekommunikationsstationen\/#primaryimage","url":"https:\/\/spijkermanbv.nl\/wp-content\/uploads\/2024\/11\/TelecomStation-1.jpg","contentUrl":"https:\/\/spijkermanbv.nl\/wp-content\/uploads\/2024\/11\/TelecomStation-1.jpg"},{"@type":"BreadcrumbList","@id":"https:\/\/spijkermanbv.nl\/de\/produkte\/telekommunikationsstationen\/#breadcrumb","itemListElement":[{"@type":"ListItem","position":1,"name":"Home","item":"https:\/\/spijkermanbv.nl\/de\/"},{"@type":"ListItem","position":2,"name":"Produkte","item":"https:\/\/spijkermanbv.nl\/de\/producten\/"},{"@type":"ListItem","position":3,"name":"Telekommunikationsstationen"}]},{"@type":"WebSite","@id":"https:\/\/spijkermanbv.nl\/de\/#website","url":"https:\/\/spijkermanbv.nl\/de\/","name":"Spijkerman Prefab Solutions","description":"Prefab Beton, Bouwsystemen en Telecom","publisher":{"@id":"https:\/\/spijkermanbv.nl\/de\/#organization"},"potentialAction":[{"@type":"SearchAction","target":{"@type":"EntryPoint","urlTemplate":"https:\/\/spijkermanbv.nl\/de\/?s={search_term_string}"},"query-input":{"@type":"PropertyValueSpecification","valueRequired":true,"valueName":"search_term_string"}}],"inLanguage":"de"},{"@type":"Organization","@id":"https:\/\/spijkermanbv.nl\/de\/#organization","name":"Spijkerman Prefab Solutions","url":"https:\/\/spijkermanbv.nl\/de\/","logo":{"@type":"ImageObject","inLanguage":"de","@id":"https:\/\/spijkermanbv.nl\/de\/#\/schema\/logo\/image\/","url":"https:\/\/spijkermanbv.nl\/wp-content\/uploads\/2023\/05\/mijncaress-1.png","contentUrl":"https:\/\/spijkermanbv.nl\/wp-content\/uploads\/2023\/05\/mijncaress-1.png","width":1018,"height":285,"caption":"Spijkerman Prefab Solutions"},"image":{"@id":"https:\/\/spijkermanbv.nl\/de\/#\/schema\/logo\/image\/"},"sameAs":["https:\/\/www.linkedin.com\/company\/pinkroccade-care"]}]}},"_links":{"self":[{"href":"https:\/\/spijkermanbv.nl\/de\/wp-json\/wp\/v2\/pages\/8398","targetHints":{"allow":["GET"]}}],"collection":[{"href":"https:\/\/spijkermanbv.nl\/de\/wp-json\/wp\/v2\/pages"}],"about":[{"href":"https:\/\/spijkermanbv.nl\/de\/wp-json\/wp\/v2\/types\/page"}],"author":[{"embeddable":true,"href":"https:\/\/spijkermanbv.nl\/de\/wp-json\/wp\/v2\/users\/1"}],"replies":[{"embeddable":true,"href":"https:\/\/spijkermanbv.nl\/de\/wp-json\/wp\/v2\/comments?post=8398"}],"version-history":[{"count":1,"href":"https:\/\/spijkermanbv.nl\/de\/wp-json\/wp\/v2\/pages\/8398\/revisions"}],"predecessor-version":[{"id":8400,"href":"https:\/\/spijkermanbv.nl\/de\/wp-json\/wp\/v2\/pages\/8398\/revisions\/8400"}],"up":[{"embeddable":true,"href":"https:\/\/spijkermanbv.nl\/de\/wp-json\/wp\/v2\/pages\/8313"}],"wp:attachment":[{"href":"https:\/\/spijkermanbv.nl\/de\/wp-json\/wp\/v2\/media?parent=8398"}],"curies":[{"name":"wp","href":"https:\/\/api.w.org\/{rel}","templated":true}]}}