{"id":8259,"date":"2023-05-01T10:00:23","date_gmt":"2023-05-01T08:00:23","guid":{"rendered":"https:\/\/spijkermanbv.nl\/kontakt\/"},"modified":"2025-09-16T13:11:46","modified_gmt":"2025-09-16T11:11:46","slug":"kontakt","status":"publish","type":"page","link":"https:\/\/spijkermanbv.nl\/de\/kontakt\/","title":{"rendered":"Kontakt"},"content":{"rendered":"\t\t<div data-elementor-type=\"wp-page\" data-elementor-id=\"8259\" class=\"elementor elementor-8259 elementor-29\" data-elementor-post-type=\"page\">\n\t\t\t\t\t\t<section class=\"elementor-section elementor-top-section elementor-element elementor-element-1992e87 elementor-section-height-min-height elementor-hidden-mobile elementor-section-boxed elementor-section-height-default elementor-section-items-middle\" data-id=\"1992e87\" data-element_type=\"section\" data-e-type=\"section\" data-settings=\"{&quot;background_background&quot;:&quot;slideshow&quot;,&quot;background_slideshow_slide_duration&quot;:10000,&quot;background_slideshow_transition_duration&quot;:2000,&quot;background_slideshow_gallery&quot;:[{&quot;id&quot;:6665,&quot;url&quot;:&quot;https:\\\/\\\/spijkermanbv.nl\\\/wp-content\\\/uploads\\\/2024\\\/11\\\/spijkerman-banner-contact-1.webp&quot;}],&quot;background_slideshow_loop&quot;:&quot;yes&quot;,&quot;background_slideshow_slide_transition&quot;:&quot;fade&quot;}\">\n\t\t\t\t\t\t\t<div class=\"elementor-background-overlay\"><\/div>\n\t\t\t\t\t\t\t<div class=\"elementor-container elementor-column-gap-default\">\n\t\t\t\t\t<div class=\"elementor-column elementor-col-100 elementor-top-column elementor-element elementor-element-ed797e5\" data-id=\"ed797e5\" data-element_type=\"column\" data-e-type=\"column\">\n\t\t\t<div class=\"elementor-widget-wrap elementor-element-populated\">\n\t\t\t\t\t\t<section class=\"elementor-section elementor-inner-section elementor-element elementor-element-4a2ccf7 elementor-section-height-min-height elementor-section-boxed elementor-section-height-default\" data-id=\"4a2ccf7\" data-element_type=\"section\" data-e-type=\"section\">\n\t\t\t\t\t\t<div class=\"elementor-container elementor-column-gap-default\">\n\t\t\t\t\t<div class=\"elementor-column elementor-col-50 elementor-inner-column elementor-element elementor-element-b48ebc2\" data-id=\"b48ebc2\" data-element_type=\"column\" data-e-type=\"column\">\n\t\t\t<div class=\"elementor-widget-wrap elementor-element-populated\">\n\t\t\t\t\t\t<div class=\"elementor-element elementor-element-7bc6dca animated-fast elementor-widget-tablet__width-initial elementor-widget elementor-widget-heading\" data-id=\"7bc6dca\" data-element_type=\"widget\" data-e-type=\"widget\" data-settings=\"{&quot;_animation&quot;:&quot;none&quot;}\" data-widget_type=\"heading.default\">\n\t\t\t\t<div class=\"elementor-widget-container\">\n\t\t\t\t\t<h1 class=\"elementor-heading-title elementor-size-small\">Kontakt<\/h1>\t\t\t\t<\/div>\n\t\t\t\t<\/div>\n\t\t\t\t<div class=\"elementor-element elementor-element-58d594b elementor-widget elementor-widget-text-editor\" data-id=\"58d594b\" data-element_type=\"widget\" data-e-type=\"widget\" data-settings=\"{&quot;_animation&quot;:&quot;none&quot;}\" data-widget_type=\"text-editor.default\">\n\t\t\t\t<div class=\"elementor-widget-container\">\n\t\t\t\t\t\t\t\t\t<p>Wir legen Wert auf kurze Kommunikationswege und schnelle Reaktionszeiten. M\u00f6chten Sie mehr \u00fcber die M\u00f6glichkeiten erfahren, die wir Ihnen als Spijkerman BV bieten k\u00f6nnen? Dann kontaktieren Sie uns einfach per Telefon. Sie k\u00f6nnen auch direkt ein Angebot anfordern. Wir sprechen uns bald! <\/p>\n\t\t\t\t\t\t\t\t<\/div>\n\t\t\t\t<\/div>\n\t\t\t\t<div class=\"elementor-element elementor-element-5b6c34f elementor-widget__width-auto buttonhov premium-lq__none elementor-widget elementor-widget-premium-addon-button\" data-id=\"5b6c34f\" data-element_type=\"widget\" data-e-type=\"widget\" data-widget_type=\"premium-addon-button.default\">\n\t\t\t\t<div class=\"elementor-widget-container\">\n\t\t\t\t\t\n\n\t\t<a class=\"premium-button premium-button-none premium-btn-lg premium-button-none\" href=\"https:\/\/spijkermanbv.nl\/contact\/offerte-aanvragen\/\">\n\t\t\t<div class=\"premium-button-text-icon-wrapper\">\n\t\t\t\t\n\t\t\t\t\t\t\t\t\t<span >\n\t\t\t\t\t\tAngebot anfordern\t\t\t\t\t<\/span>\n\t\t\t\t\t\t\t<\/div>\n\n\t\t\t\n\t\t\t\n\t\t\t\n\t\t<\/a>\n\n\n\t\t\t\t\t\t<\/div>\n\t\t\t\t<\/div>\n\t\t\t\t<div class=\"elementor-element elementor-element-8d84b11 elementor-widget__width-auto buttonhov elementor-widget-mobile__width-inherit pa-icon-pos-before premium-lq__none elementor-widget elementor-widget-premium-addon-button\" data-id=\"8d84b11\" data-element_type=\"widget\" data-e-type=\"widget\" data-widget_type=\"premium-addon-button.default\">\n\t\t\t\t<div class=\"elementor-widget-container\">\n\t\t\t\t\t\n\n\t\t<a class=\"premium-button premium-button-style1 premium-btn-lg premium-button-style1-bottom\" href=\"tel:+31%2033%20450%206100\">\n\t\t\t<div class=\"premium-button-text-icon-wrapper\">\n\t\t\t\t\n\t\t\t\t\t\t\t\t\t\t\t\t\t\t\t\t\t\t<svg class=\"svg-inline--fas-fa-phone-alt premium-drawable-icon premium-svg-nodraw\" aria-hidden='true' xmlns='http:\/\/www.w3.org\/2000\/svg' viewBox='0 0 512 512'><path d=\"M497.39 361.8l-112-48a24 24 0 0 0-28 6.9l-49.6 60.6A370.66 370.66 0 0 1 130.6 204.11l60.6-49.6a23.94 23.94 0 0 0 6.9-28l-48-112A24.16 24.16 0 0 0 122.6.61l-104 24A24 24 0 0 0 0 48c0 256.5 207.9 464 464 464a24 24 0 0 0 23.4-18.6l24-104a24.29 24.29 0 0 0-14.01-27.6z\"><\/path><\/svg>\t\t\t\t\t\t\t\t\t\t\t\t\t\t\t\n\t\t\t\t\t\t\t\t\t<span >\n\t\t\t\t\t\tDirekt anrufen\t\t\t\t\t<\/span>\n\t\t\t\t\t\t\t<\/div>\n\n\t\t\t\n\t\t\t\n\t\t\t\n\t\t<\/a>\n\n\n\t\t\t\t\t\t<\/div>\n\t\t\t\t<\/div>\n\t\t\t\t\t<\/div>\n\t\t<\/div>\n\t\t\t\t<div class=\"elementor-column elementor-col-50 elementor-inner-column elementor-element elementor-element-19156b9 elementor-hidden-widescreen elementor-hidden-desktop elementor-hidden-laptop elementor-hidden-tablet elementor-hidden-mobile\" data-id=\"19156b9\" data-element_type=\"column\" data-e-type=\"column\">\n\t\t\t<div class=\"elementor-widget-wrap elementor-element-populated\">\n\t\t\t\t\t\t<div class=\"elementor-element elementor-element-35119b4 elementor-widget elementor-widget-html\" data-id=\"35119b4\" data-element_type=\"widget\" data-e-type=\"widget\" data-widget_type=\"html.default\">\n\t\t\t\t<div class=\"elementor-widget-container\">\n\t\t\t\t\t<style>\r\n    .buttonhov:hover{\r\n        transform: scale(1.02);\r\n    }\r\n    .buttonhov{\r\n        transition: 0.25s ease-in;\r\n        \r\n    }\r\n<\/style>\t\t\t\t<\/div>\n\t\t\t\t<\/div>\n\t\t\t\t\t<\/div>\n\t\t<\/div>\n\t\t\t\t\t<\/div>\n\t\t<\/section>\n\t\t\t\t\t<\/div>\n\t\t<\/div>\n\t\t\t\t\t<\/div>\n\t\t<\/section>\n\t\t<div class=\"elementor-element elementor-element-8091aee muted-video elementor-hidden-widescreen elementor-hidden-desktop elementor-hidden-laptop elementor-hidden-tablet e-flex e-con-boxed e-con e-parent\" data-id=\"8091aee\" data-element_type=\"container\" data-e-type=\"container\" data-settings=\"{&quot;background_background&quot;:&quot;slideshow&quot;,&quot;background_slideshow_slide_duration&quot;:10000,&quot;background_slideshow_transition_duration&quot;:2000,&quot;background_slideshow_gallery&quot;:[{&quot;id&quot;:6665,&quot;url&quot;:&quot;https:\\\/\\\/spijkermanbv.nl\\\/wp-content\\\/uploads\\\/2024\\\/11\\\/spijkerman-banner-contact-1.webp&quot;}],&quot;background_slideshow_loop&quot;:&quot;yes&quot;,&quot;background_slideshow_slide_transition&quot;:&quot;fade&quot;}\">\n\t\t\t\t\t<div class=\"e-con-inner\">\n\t\t<div class=\"elementor-element elementor-element-2d67f02 e-con-full e-flex e-con e-child\" data-id=\"2d67f02\" data-element_type=\"container\" data-e-type=\"container\">\n\t\t<div class=\"elementor-element elementor-element-d21fa4f e-con-full e-flex e-con e-child\" data-id=\"d21fa4f\" data-element_type=\"container\" data-e-type=\"container\">\n\t\t<div class=\"elementor-element elementor-element-017aa5f e-con-full e-flex e-con e-child\" data-id=\"017aa5f\" data-element_type=\"container\" data-e-type=\"container\">\n\t\t\t\t<div class=\"elementor-element elementor-element-c2dc722 animated-fast elementor-widget-tablet__width-initial elementor-widget elementor-widget-heading\" data-id=\"c2dc722\" data-element_type=\"widget\" data-e-type=\"widget\" data-settings=\"{&quot;_animation&quot;:&quot;none&quot;}\" data-widget_type=\"heading.default\">\n\t\t\t\t<div class=\"elementor-widget-container\">\n\t\t\t\t\t<h1 class=\"elementor-heading-title elementor-size-small\">Kontakt<\/h1>\t\t\t\t<\/div>\n\t\t\t\t<\/div>\n\t\t\t\t<div class=\"elementor-element elementor-element-77df236 elementor-widget elementor-widget-text-editor\" data-id=\"77df236\" data-element_type=\"widget\" data-e-type=\"widget\" data-settings=\"{&quot;_animation&quot;:&quot;none&quot;}\" data-widget_type=\"text-editor.default\">\n\t\t\t\t<div class=\"elementor-widget-container\">\n\t\t\t\t\t\t\t\t\t<p>Wir legen Wert auf kurze Kommunikationswege und schnelle Reaktionszeiten. M\u00f6chten Sie mehr \u00fcber die M\u00f6glichkeiten erfahren, die wir Ihnen als Spijkerman BV bieten k\u00f6nnen? Dann kontaktieren Sie uns einfach per Telefon. Sie k\u00f6nnen auch direkt ein Angebot anfordern. Wir sprechen uns bald! <\/p>\n\t\t\t\t\t\t\t\t<\/div>\n\t\t\t\t<\/div>\n\t\t\t\t<div class=\"elementor-element elementor-element-2e540e6 elementor-widget__width-auto buttonhov elementor-widget-mobile__width-inherit premium-lq__none elementor-widget elementor-widget-premium-addon-button\" data-id=\"2e540e6\" data-element_type=\"widget\" data-e-type=\"widget\" data-widget_type=\"premium-addon-button.default\">\n\t\t\t\t<div class=\"elementor-widget-container\">\n\t\t\t\t\t\n\n\t\t<a class=\"premium-button premium-button-none premium-btn-block premium-button-none\" href=\"https:\/\/spijkermanbv.nl\/contact\/offerte-aanvragen\/\">\n\t\t\t<div class=\"premium-button-text-icon-wrapper\">\n\t\t\t\t\n\t\t\t\t\t\t\t\t\t<span >\n\t\t\t\t\t\tAngebot anfordern\t\t\t\t\t<\/span>\n\t\t\t\t\t\t\t<\/div>\n\n\t\t\t\n\t\t\t\n\t\t\t\n\t\t<\/a>\n\n\n\t\t\t\t\t\t<\/div>\n\t\t\t\t<\/div>\n\t\t\t\t<div class=\"elementor-element elementor-element-5fe773c elementor-widget__width-auto buttonhov elementor-widget-mobile__width-inherit pa-icon-pos-before premium-lq__none elementor-widget elementor-widget-premium-addon-button\" data-id=\"5fe773c\" data-element_type=\"widget\" data-e-type=\"widget\" data-widget_type=\"premium-addon-button.default\">\n\t\t\t\t<div class=\"elementor-widget-container\">\n\t\t\t\t\t\n\n\t\t<a class=\"premium-button premium-button-style1 premium-btn-block premium-button-style1-bottom\" href=\"tel:+31%2033%20450%206100\">\n\t\t\t<div class=\"premium-button-text-icon-wrapper\">\n\t\t\t\t\n\t\t\t\t\t\t\t\t\t\t\t\t\t\t\t\t\t\t<svg class=\"svg-inline--fas-fa-phone-alt premium-drawable-icon premium-svg-nodraw\" aria-hidden='true' xmlns='http:\/\/www.w3.org\/2000\/svg' viewBox='0 0 512 512'><path d=\"M497.39 361.8l-112-48a24 24 0 0 0-28 6.9l-49.6 60.6A370.66 370.66 0 0 1 130.6 204.11l60.6-49.6a23.94 23.94 0 0 0 6.9-28l-48-112A24.16 24.16 0 0 0 122.6.61l-104 24A24 24 0 0 0 0 48c0 256.5 207.9 464 464 464a24 24 0 0 0 23.4-18.6l24-104a24.29 24.29 0 0 0-14.01-27.6z\"><\/path><\/svg>\t\t\t\t\t\t\t\t\t\t\t\t\t\t\t\n\t\t\t\t\t\t\t\t\t<span >\n\t\t\t\t\t\tDirekt anrufen\t\t\t\t\t<\/span>\n\t\t\t\t\t\t\t<\/div>\n\n\t\t\t\n\t\t\t\n\t\t\t\n\t\t<\/a>\n\n\n\t\t\t\t\t\t<\/div>\n\t\t\t\t<\/div>\n\t\t\t\t<\/div>\n\t\t<div class=\"elementor-element elementor-element-aa1cff3 elementor-hidden-widescreen elementor-hidden-desktop elementor-hidden-laptop elementor-hidden-tablet elementor-hidden-mobile e-con-full e-flex e-con e-child\" data-id=\"aa1cff3\" data-element_type=\"container\" data-e-type=\"container\">\n\t\t\t\t<div class=\"elementor-element elementor-element-07d67fd elementor-widget elementor-widget-html\" data-id=\"07d67fd\" data-element_type=\"widget\" data-e-type=\"widget\" data-widget_type=\"html.default\">\n\t\t\t\t<div class=\"elementor-widget-container\">\n\t\t\t\t\t<style>\r\n    .buttonhov:hover{\r\n        transform: scale(1.02);\r\n    }\r\n    .buttonhov{\r\n        transition: 0.25s ease-in;\r\n        \r\n    }\r\n<\/style>\t\t\t\t<\/div>\n\t\t\t\t<\/div>\n\t\t\t\t<\/div>\n\t\t\t\t<\/div>\n\t\t\t\t<\/div>\n\t\t\t\t\t<\/div>\n\t\t\t\t<\/div>\n\t\t\t\t<\/div>\n\t\t","protected":false},"excerpt":{"rendered":"<p>Kontakt Wir legen Wert auf kurze Kommunikationswege und schnelle Reaktionszeiten. M\u00f6chten Sie mehr \u00fcber die M\u00f6glichkeiten erfahren, die wir Ihnen als Spijkerman BV bieten k\u00f6nnen? Dann kontaktieren Sie uns einfach per Telefon. Sie k\u00f6nnen auch direkt ein Angebot anfordern. Wir sprechen uns bald! Angebot anfordern Direkt anrufen Kontakt Wir legen Wert auf kurze Kommunikationswege und [&hellip;]<\/p>\n","protected":false},"author":1,"featured_media":0,"parent":0,"menu_order":0,"comment_status":"closed","ping_status":"closed","template":"elementor_header_footer","meta":{"_acf_changed":false,"inline_featured_image":false,"footnotes":""},"class_list":["post-8259","page","type-page","status-publish","hentry"],"acf":[],"yoast_head":"<!-- This site is optimized with the Yoast SEO plugin v27.6 - https:\/\/yoast.com\/product\/yoast-seo-wordpress\/ -->\n<title>Kontakt<\/title>\n<meta name=\"description\" content=\"Kurze Wege und schnelle Entscheidungen \u2013 das ist es, was wir sch\u00e4tzen. Rufen Sie uns unter +31 33 4506100 an, wenn Sie weitere Informationen zu unseren Produkten und Dienstleistungen w\u00fcnschen.\" \/>\n<meta name=\"robots\" content=\"index, follow, max-snippet:-1, max-image-preview:large, max-video-preview:-1\" \/>\n<link rel=\"canonical\" href=\"https:\/\/spijkermanbv.nl\/de\/kontakt\/\" \/>\n<meta property=\"og:locale\" content=\"de_DE\" \/>\n<meta property=\"og:type\" content=\"article\" \/>\n<meta property=\"og:title\" content=\"Kontakt\" \/>\n<meta property=\"og:description\" content=\"Kurze Wege und schnelle Entscheidungen \u2013 das ist es, was wir sch\u00e4tzen. Rufen Sie uns unter +31 33 4506100 an, wenn Sie weitere Informationen zu unseren Produkten und Dienstleistungen w\u00fcnschen.\" \/>\n<meta property=\"og:url\" content=\"https:\/\/spijkermanbv.nl\/de\/kontakt\/\" \/>\n<meta property=\"og:site_name\" content=\"Spijkerman Prefab Solutions\" \/>\n<meta property=\"article:modified_time\" content=\"2025-09-16T11:11:46+00:00\" \/>\n<meta name=\"twitter:card\" content=\"summary_large_image\" \/>\n<meta name=\"twitter:label1\" content=\"Gesch\u00e4tzte Lesezeit\" \/>\n\t<meta name=\"twitter:data1\" content=\"1\u00a0Minute\" \/>\n<script type=\"application\/ld+json\" class=\"yoast-schema-graph\">{\"@context\":\"https:\\\/\\\/schema.org\",\"@graph\":[{\"@type\":\"WebPage\",\"@id\":\"https:\\\/\\\/spijkermanbv.nl\\\/de\\\/kontakt\\\/\",\"url\":\"https:\\\/\\\/spijkermanbv.nl\\\/de\\\/kontakt\\\/\",\"name\":\"Kontakt\",\"isPartOf\":{\"@id\":\"https:\\\/\\\/spijkermanbv.nl\\\/de\\\/#website\"},\"datePublished\":\"2023-05-01T08:00:23+00:00\",\"dateModified\":\"2025-09-16T11:11:46+00:00\",\"description\":\"Kurze Wege und schnelle Entscheidungen \u2013 das ist es, was wir sch\u00e4tzen. Rufen Sie uns unter +31 33 4506100 an, wenn Sie weitere Informationen zu unseren Produkten und Dienstleistungen w\u00fcnschen.\",\"breadcrumb\":{\"@id\":\"https:\\\/\\\/spijkermanbv.nl\\\/de\\\/kontakt\\\/#breadcrumb\"},\"inLanguage\":\"de\",\"potentialAction\":[{\"@type\":\"ReadAction\",\"target\":[\"https:\\\/\\\/spijkermanbv.nl\\\/de\\\/kontakt\\\/\"]}]},{\"@type\":\"BreadcrumbList\",\"@id\":\"https:\\\/\\\/spijkermanbv.nl\\\/de\\\/kontakt\\\/#breadcrumb\",\"itemListElement\":[{\"@type\":\"ListItem\",\"position\":1,\"name\":\"Home\",\"item\":\"https:\\\/\\\/spijkermanbv.nl\\\/de\\\/\"},{\"@type\":\"ListItem\",\"position\":2,\"name\":\"Kontakt\"}]},{\"@type\":\"WebSite\",\"@id\":\"https:\\\/\\\/spijkermanbv.nl\\\/de\\\/#website\",\"url\":\"https:\\\/\\\/spijkermanbv.nl\\\/de\\\/\",\"name\":\"Spijkerman Prefab Solutions\",\"description\":\"Prefab Beton, Bouwsystemen en Telecom\",\"publisher\":{\"@id\":\"https:\\\/\\\/spijkermanbv.nl\\\/de\\\/#organization\"},\"potentialAction\":[{\"@type\":\"SearchAction\",\"target\":{\"@type\":\"EntryPoint\",\"urlTemplate\":\"https:\\\/\\\/spijkermanbv.nl\\\/de\\\/?s={search_term_string}\"},\"query-input\":{\"@type\":\"PropertyValueSpecification\",\"valueRequired\":true,\"valueName\":\"search_term_string\"}}],\"inLanguage\":\"de\"},{\"@type\":\"Organization\",\"@id\":\"https:\\\/\\\/spijkermanbv.nl\\\/de\\\/#organization\",\"name\":\"Spijkerman Prefab Solutions\",\"url\":\"https:\\\/\\\/spijkermanbv.nl\\\/de\\\/\",\"logo\":{\"@type\":\"ImageObject\",\"inLanguage\":\"de\",\"@id\":\"https:\\\/\\\/spijkermanbv.nl\\\/de\\\/#\\\/schema\\\/logo\\\/image\\\/\",\"url\":\"https:\\\/\\\/spijkermanbv.nl\\\/wp-content\\\/uploads\\\/2023\\\/05\\\/mijncaress-1.png\",\"contentUrl\":\"https:\\\/\\\/spijkermanbv.nl\\\/wp-content\\\/uploads\\\/2023\\\/05\\\/mijncaress-1.png\",\"width\":1018,\"height\":285,\"caption\":\"Spijkerman Prefab Solutions\"},\"image\":{\"@id\":\"https:\\\/\\\/spijkermanbv.nl\\\/de\\\/#\\\/schema\\\/logo\\\/image\\\/\"},\"sameAs\":[\"https:\\\/\\\/www.linkedin.com\\\/company\\\/pinkroccade-care\"]}]}<\/script>\n<!-- \/ Yoast SEO plugin. -->","yoast_head_json":{"title":"Kontakt","description":"Kurze Wege und schnelle Entscheidungen \u2013 das ist es, was wir sch\u00e4tzen. Rufen Sie uns unter +31 33 4506100 an, wenn Sie weitere Informationen zu unseren Produkten und Dienstleistungen w\u00fcnschen.","robots":{"index":"index","follow":"follow","max-snippet":"max-snippet:-1","max-image-preview":"max-image-preview:large","max-video-preview":"max-video-preview:-1"},"canonical":"https:\/\/spijkermanbv.nl\/de\/kontakt\/","og_locale":"de_DE","og_type":"article","og_title":"Kontakt","og_description":"Kurze Wege und schnelle Entscheidungen \u2013 das ist es, was wir sch\u00e4tzen. Rufen Sie uns unter +31 33 4506100 an, wenn Sie weitere Informationen zu unseren Produkten und Dienstleistungen w\u00fcnschen.","og_url":"https:\/\/spijkermanbv.nl\/de\/kontakt\/","og_site_name":"Spijkerman Prefab Solutions","article_modified_time":"2025-09-16T11:11:46+00:00","twitter_card":"summary_large_image","twitter_misc":{"Gesch\u00e4tzte Lesezeit":"1\u00a0Minute"},"schema":{"@context":"https:\/\/schema.org","@graph":[{"@type":"WebPage","@id":"https:\/\/spijkermanbv.nl\/de\/kontakt\/","url":"https:\/\/spijkermanbv.nl\/de\/kontakt\/","name":"Kontakt","isPartOf":{"@id":"https:\/\/spijkermanbv.nl\/de\/#website"},"datePublished":"2023-05-01T08:00:23+00:00","dateModified":"2025-09-16T11:11:46+00:00","description":"Kurze Wege und schnelle Entscheidungen \u2013 das ist es, was wir sch\u00e4tzen. Rufen Sie uns unter +31 33 4506100 an, wenn Sie weitere Informationen zu unseren Produkten und Dienstleistungen w\u00fcnschen.","breadcrumb":{"@id":"https:\/\/spijkermanbv.nl\/de\/kontakt\/#breadcrumb"},"inLanguage":"de","potentialAction":[{"@type":"ReadAction","target":["https:\/\/spijkermanbv.nl\/de\/kontakt\/"]}]},{"@type":"BreadcrumbList","@id":"https:\/\/spijkermanbv.nl\/de\/kontakt\/#breadcrumb","itemListElement":[{"@type":"ListItem","position":1,"name":"Home","item":"https:\/\/spijkermanbv.nl\/de\/"},{"@type":"ListItem","position":2,"name":"Kontakt"}]},{"@type":"WebSite","@id":"https:\/\/spijkermanbv.nl\/de\/#website","url":"https:\/\/spijkermanbv.nl\/de\/","name":"Spijkerman Prefab Solutions","description":"Prefab Beton, Bouwsystemen en Telecom","publisher":{"@id":"https:\/\/spijkermanbv.nl\/de\/#organization"},"potentialAction":[{"@type":"SearchAction","target":{"@type":"EntryPoint","urlTemplate":"https:\/\/spijkermanbv.nl\/de\/?s={search_term_string}"},"query-input":{"@type":"PropertyValueSpecification","valueRequired":true,"valueName":"search_term_string"}}],"inLanguage":"de"},{"@type":"Organization","@id":"https:\/\/spijkermanbv.nl\/de\/#organization","name":"Spijkerman Prefab Solutions","url":"https:\/\/spijkermanbv.nl\/de\/","logo":{"@type":"ImageObject","inLanguage":"de","@id":"https:\/\/spijkermanbv.nl\/de\/#\/schema\/logo\/image\/","url":"https:\/\/spijkermanbv.nl\/wp-content\/uploads\/2023\/05\/mijncaress-1.png","contentUrl":"https:\/\/spijkermanbv.nl\/wp-content\/uploads\/2023\/05\/mijncaress-1.png","width":1018,"height":285,"caption":"Spijkerman Prefab Solutions"},"image":{"@id":"https:\/\/spijkermanbv.nl\/de\/#\/schema\/logo\/image\/"},"sameAs":["https:\/\/www.linkedin.com\/company\/pinkroccade-care"]}]}},"_links":{"self":[{"href":"https:\/\/spijkermanbv.nl\/de\/wp-json\/wp\/v2\/pages\/8259","targetHints":{"allow":["GET"]}}],"collection":[{"href":"https:\/\/spijkermanbv.nl\/de\/wp-json\/wp\/v2\/pages"}],"about":[{"href":"https:\/\/spijkermanbv.nl\/de\/wp-json\/wp\/v2\/types\/page"}],"author":[{"embeddable":true,"href":"https:\/\/spijkermanbv.nl\/de\/wp-json\/wp\/v2\/users\/1"}],"replies":[{"embeddable":true,"href":"https:\/\/spijkermanbv.nl\/de\/wp-json\/wp\/v2\/comments?post=8259"}],"version-history":[{"count":1,"href":"https:\/\/spijkermanbv.nl\/de\/wp-json\/wp\/v2\/pages\/8259\/revisions"}],"predecessor-version":[{"id":8260,"href":"https:\/\/spijkermanbv.nl\/de\/wp-json\/wp\/v2\/pages\/8259\/revisions\/8260"}],"wp:attachment":[{"href":"https:\/\/spijkermanbv.nl\/de\/wp-json\/wp\/v2\/media?parent=8259"}],"curies":[{"name":"wp","href":"https:\/\/api.w.org\/{rel}","templated":true}]}}